{"id":75,"date":"2025-12-18T17:55:45","date_gmt":"2025-12-18T16:55:45","guid":{"rendered":"https:\/\/test5c.pl\/?post_type=product&#038;p=75"},"modified":"2026-02-18T14:15:30","modified_gmt":"2026-02-18T13:15:30","slug":"test-5-kompetencji-130h","status":"publish","type":"product","link":"https:\/\/test5c.pl\/?product=test-5-kompetencji-130h","title":{"rendered":"Test 5 Kompetencji 1:30h"},"content":{"rendered":"<p>Pe\u0142en test 5 kompetencji online w obecno\u015bci asesora, proctoringiem, potwierdzeniem danych osobowych oraz certyfikat autentyczno\u015bci, wyniki w mi\u0119dzynarodowej skali CEFR A1-C2, punktowej 0-100 oraz nasycenia ka\u017cdej z 5 kompetencji: czytania, pisania, s\u0142uchania, m\u00f3wienia oraz komunikacji. Certyfikat podnosz\u0105cy skuteczno\u015b\u0107 rekrutacji &#8211; dodatkowe informacje dla rekrutera pozwalaj\u0105ce oceni\u0107 dopasowanie kandydata na okre\u015blone stanowisko.<\/p>\n","protected":false},"excerpt":{"rendered":"<p>Pe\u0142en test 5 kompetencji online w obecno\u015bci asesora, proctoringiem, potwierdzeniem danych osobowych oraz certyfikat autentyczno\u015bci, wyniki w mi\u0119dzynarodowej skali CEFR A1-C2, punktowej 0-100 oraz nasycenia ka\u017cdej z 5 kompetencji: czytania, pisania, s\u0142uchania, m\u00f3wienia oraz komunikacji. Certyfikat podnosz\u0105cy skuteczno\u015b\u0107 rekrutacji &#8211; dodatkowe informacje dla rekrutera pozwalaj\u0105ce oceni\u0107 dopasowanie kandydata na okre\u015blone stanowisko.<\/p>\n","protected":false},"featured_media":86,"comment_status":"open","ping_status":"closed","template":"","meta":[],"product_brand":[],"product_cat":[17],"product_tag":[],"class_list":{"0":"post-75","1":"product","2":"type-product","3":"status-publish","4":"has-post-thumbnail","6":"product_cat-bez-kategorii","8":"first","9":"instock","10":"shipping-taxable","11":"purchasable","12":"product-type-simple"},"jetpack_sharing_enabled":true,"_links":{"self":[{"href":"https:\/\/test5c.pl\/index.php?rest_route=\/wp\/v2\/product\/75","targetHints":{"allow":["GET"]}}],"collection":[{"href":"https:\/\/test5c.pl\/index.php?rest_route=\/wp\/v2\/product"}],"about":[{"href":"https:\/\/test5c.pl\/index.php?rest_route=\/wp\/v2\/types\/product"}],"replies":[{"embeddable":true,"href":"https:\/\/test5c.pl\/index.php?rest_route=%2Fwp%2Fv2%2Fcomments&post=75"}],"wp:featuredmedia":[{"embeddable":true,"href":"https:\/\/test5c.pl\/index.php?rest_route=\/wp\/v2\/media\/86"}],"wp:attachment":[{"href":"https:\/\/test5c.pl\/index.php?rest_route=%2Fwp%2Fv2%2Fmedia&parent=75"}],"wp:term":[{"taxonomy":"product_brand","embeddable":true,"href":"https:\/\/test5c.pl\/index.php?rest_route=%2Fwp%2Fv2%2Fproduct_brand&post=75"},{"taxonomy":"product_cat","embeddable":true,"href":"https:\/\/test5c.pl\/index.php?rest_route=%2Fwp%2Fv2%2Fproduct_cat&post=75"},{"taxonomy":"product_tag","embeddable":true,"href":"https:\/\/test5c.pl\/index.php?rest_route=%2Fwp%2Fv2%2Fproduct_tag&post=75"}],"curies":[{"name":"wp","href":"https:\/\/api.w.org\/{rel}","templated":true}]}}