{"id":74,"date":"2025-12-18T17:48:12","date_gmt":"2025-12-18T16:48:12","guid":{"rendered":"https:\/\/test5c.pl\/?post_type=product&#038;p=74"},"modified":"2025-12-21T12:56:17","modified_gmt":"2025-12-21T11:56:17","slug":"test-diagnostyczny-45-min","status":"publish","type":"product","link":"https:\/\/test5c.pl\/?product=test-diagnostyczny-45-min","title":{"rendered":"Test Diagnostyczny 40 min"},"content":{"rendered":"<p>Test diagnostyczny odpowie na pytanie na jakim jeste\u015b poziomie w 4 kompetencjach: czytanie, pisanie, s\u0142uchanie, m\u00f3wienie oraz komunikacja &#8211; mi\u0119dzynarodowa skala CEFR A1-C2, punktowa od 0-100 oraz nasycenie na 3 s\u0105siaduj\u0105cych poziomach. Test automatyczny, bez proctoringu oraz certyfikatu autentyczno\u015bci, bez pr\u00f3bki speaking udost\u0119pnianej w CV.<\/p>\n","protected":false},"excerpt":{"rendered":"<p>Test diagnostyczny odpowie na pytanie na jakim jeste\u015b poziomie w 4 kompetencjach: czytanie, pisanie, s\u0142uchanie, m\u00f3wienie oraz komunikacja &#8211; mi\u0119dzynarodowa skala CEFR A1-C2, punktowa od 0-100 oraz nasycenie na 3 s\u0105siaduj\u0105cych poziomach. Test automatyczny, bez proctoringu oraz certyfikatu autentyczno\u015bci, bez pr\u00f3bki speaking udost\u0119pnianej w CV.<\/p>\n","protected":false},"featured_media":79,"comment_status":"open","ping_status":"closed","template":"","meta":[],"product_brand":[],"product_cat":[17],"product_tag":[],"class_list":{"0":"post-74","1":"product","2":"type-product","3":"status-publish","4":"has-post-thumbnail","6":"product_cat-bez-kategorii","8":"first","9":"instock","10":"downloadable","11":"virtual","12":"purchasable","13":"product-type-simple"},"jetpack_sharing_enabled":true,"_links":{"self":[{"href":"https:\/\/test5c.pl\/index.php?rest_route=\/wp\/v2\/product\/74","targetHints":{"allow":["GET"]}}],"collection":[{"href":"https:\/\/test5c.pl\/index.php?rest_route=\/wp\/v2\/product"}],"about":[{"href":"https:\/\/test5c.pl\/index.php?rest_route=\/wp\/v2\/types\/product"}],"replies":[{"embeddable":true,"href":"https:\/\/test5c.pl\/index.php?rest_route=%2Fwp%2Fv2%2Fcomments&post=74"}],"wp:featuredmedia":[{"embeddable":true,"href":"https:\/\/test5c.pl\/index.php?rest_route=\/wp\/v2\/media\/79"}],"wp:attachment":[{"href":"https:\/\/test5c.pl\/index.php?rest_route=%2Fwp%2Fv2%2Fmedia&parent=74"}],"wp:term":[{"taxonomy":"product_brand","embeddable":true,"href":"https:\/\/test5c.pl\/index.php?rest_route=%2Fwp%2Fv2%2Fproduct_brand&post=74"},{"taxonomy":"product_cat","embeddable":true,"href":"https:\/\/test5c.pl\/index.php?rest_route=%2Fwp%2Fv2%2Fproduct_cat&post=74"},{"taxonomy":"product_tag","embeddable":true,"href":"https:\/\/test5c.pl\/index.php?rest_route=%2Fwp%2Fv2%2Fproduct_tag&post=74"}],"curies":[{"name":"wp","href":"https:\/\/api.w.org\/{rel}","templated":true}]}}